{"id":968,"date":"2019-04-04T09:10:31","date_gmt":"2019-04-04T08:10:31","guid":{"rendered":"http:\/\/almenmedicin-nord.dk\/?page_id=968"},"modified":"2025-04-30T07:55:56","modified_gmt":"2025-04-30T06:55:56","slug":"uddannelsesprogram-og-praksisbeskrivelse","status":"publish","type":"page","link":"https:\/\/almenmedicin-nord.dk\/?page_id=968","title":{"rendered":"Uddannelsesprogram og praksisbeskrivelse"},"content":{"rendered":"\n<p>Uddannelsesprogrammet beskriver hvordan man p\u00e5 de enkelte afdelinger\/praksis tilrettel\u00e6gger uddannelsen i de enkelte typer stillinger.<br>&nbsp;<\/p>\n\n\n\n<h3 class=\"wp-block-heading\" id=\"0000\"><strong>Praksisbeskrivelse<\/strong><\/h3>\n\n\n\n<p>N\u00e5r man skal lave et uddannelsesprogram i almen praksis, er den v\u00e6sentligste opgave for tutorl\u00e6gen at udforme en praksisbeskrivelse \u2013 og i denne praksisbeskrivelse skal der indg\u00e5 en n\u00f8jere beskrivelse af, hvordan arbejdet tilrettel\u00e6gges, og hvordan undervisning og supervison af den uddannelsess\u00f8gende foreg\u00e5r. Denne praksisbeskrivelse indg\u00e5r som et element i samtlige uddannelsesprogrammer for de forskellige uddannelsestyper (KBU, intro- og hoveduddannelse). Det er s\u00e5ledes kun n\u00f8dvendigt at lave \u00e9n praksisbeskrivelse, som g\u00e6lder for alle typer uddannelsesl\u00e6ger.<\/p>\n\n\n\n<div class=\"wp-block-file\"><a href=\"http:\/\/almenmedicin-nord.dk\/wp-content\/uploads\/2025\/01\/Udarbejdelse-af-praksisbeskrivelsen.pdf\">Tjekliste til udarbejdelse af praksisbeskrivelsen<\/a><a href=\"http:\/\/almenmedicin-nord.dk\/wp-content\/uploads\/2025\/01\/Udarbejdelse-af-praksisbeskrivelsen.pdf\" class=\"wp-block-file__button\" download>Download<\/a><\/div>\n\n\n\n<p>N\u00e5r praksis har udarbejdet en s\u00e5dan praksisbeskrivelse, sendes denne til den lokale uddannelseskoordinator, som godkender beskrivelsen og s\u00f8rger for at den bliver lagt p\u00e5 Uddannelsesregionens hjemmeside:\u00a0<strong><a href=\"http:\/\/www.videreuddannelsen-nord.dk\/introduktions-og-hoveduddannelse\/Specialeoversigt\/almen-medicin\/hoveduddannelse-i-almen-medicin\/praksisbeskrivelser---region-nordjylland\/\" target=\"_blank\" rel=\"noreferrer noopener\" aria-label=\" (\u00e5bner i en ny fane)\">Videreuddannelsesregion Nord, Region Nordjylland og Region Midtjylland<\/a><\/strong><\/p>\n\n\n\n<h3 class=\"wp-block-heading\" id=\"0001\"><strong>Uddannelsesprogrammernes \u00f8vrige indhold<\/strong><\/h3>\n\n\n\n<p>Det samlede uddannelsesprogram findes her:<\/p>\n\n\n\n<ul class=\"wp-block-list\"><li><strong><a href=\"http:\/\/www.videreuddannelsen-nord.dk\/klinisk-basisuddannelse\/uddannelsesprogrammer\/\" target=\"_blank\" rel=\"noreferrer noopener\">For KBU-stilllinger<\/a>&nbsp;<br>&nbsp;<\/strong><\/li><li><strong><a href=\"http:\/\/www.videreuddannelsen-nord.dk\/introduktionsuddannelse\/specialer\/almen-medicin\/uddannelsesprogrammer\/\" target=\"_blank\" rel=\"noreferrer noopener\">For introstillinger<\/a><br>&nbsp;&nbsp;<\/strong><\/li><li><strong><a href=\"http:\/\/www.videreuddannelsen-nord.dk\/hoveduddannelse\/specialer\/almen-medicin\/uddannelsesprogrammer\/\" target=\"_blank\" rel=\"noreferrer noopener\">For hoveduddannelsesstillinger<\/a><\/strong><\/li><\/ul>\n","protected":false},"excerpt":{"rendered":"<p>Uddannelsesprogrammet beskriver hvordan man p\u00e5 de enkelte afdelinger\/praksis tilrettel\u00e6gger uddannelsen i de enkelte typer stillinger.&nbsp; Praksisbeskrivelse N\u00e5r man skal lave et uddannelsesprogram i almen praksis, er den v\u00e6sentligste opgave for tutorl\u00e6gen at udforme en praksisbeskrivelse \u2013 og i denne praksisbeskrivelse skal der indg\u00e5 en n\u00f8jere beskrivelse af, hvordan arbejdet tilrettel\u00e6gges, og hvordan undervisning og supervison&#8230;<\/p>\n","protected":false},"author":1,"featured_media":0,"parent":3,"menu_order":4,"comment_status":"closed","ping_status":"closed","template":"","meta":{"_kadence_starter_templates_imported_post":false,"_kad_post_transparent":"","_kad_post_title":"","_kad_post_layout":"","_kad_post_sidebar_id":"","_kad_post_content_style":"","_kad_post_vertical_padding":"","_kad_post_feature":"","_kad_post_feature_position":"","_kad_post_header":false,"_kad_post_footer":false,"_kad_post_classname":"","footnotes":""},"class_list":["post-968","page","type-page","status-publish","hentry"],"_links":{"self":[{"href":"https:\/\/almenmedicin-nord.dk\/index.php?rest_route=\/wp\/v2\/pages\/968","targetHints":{"allow":["GET"]}}],"collection":[{"href":"https:\/\/almenmedicin-nord.dk\/index.php?rest_route=\/wp\/v2\/pages"}],"about":[{"href":"https:\/\/almenmedicin-nord.dk\/index.php?rest_route=\/wp\/v2\/types\/page"}],"author":[{"embeddable":true,"href":"https:\/\/almenmedicin-nord.dk\/index.php?rest_route=\/wp\/v2\/users\/1"}],"replies":[{"embeddable":true,"href":"https:\/\/almenmedicin-nord.dk\/index.php?rest_route=%2Fwp%2Fv2%2Fcomments&post=968"}],"version-history":[{"count":13,"href":"https:\/\/almenmedicin-nord.dk\/index.php?rest_route=\/wp\/v2\/pages\/968\/revisions"}],"predecessor-version":[{"id":1308,"href":"https:\/\/almenmedicin-nord.dk\/index.php?rest_route=\/wp\/v2\/pages\/968\/revisions\/1308"}],"up":[{"embeddable":true,"href":"https:\/\/almenmedicin-nord.dk\/index.php?rest_route=\/wp\/v2\/pages\/3"}],"wp:attachment":[{"href":"https:\/\/almenmedicin-nord.dk\/index.php?rest_route=%2Fwp%2Fv2%2Fmedia&parent=968"}],"curies":[{"name":"wp","href":"https:\/\/api.w.org\/{rel}","templated":true}]}}