{"id":701,"date":"2016-10-27T13:40:13","date_gmt":"2016-10-27T12:40:13","guid":{"rendered":"http:\/\/almenmedicin-nord.dk\/?page_id=701"},"modified":"2025-12-04T09:58:08","modified_gmt":"2025-12-04T08:58:08","slug":"oversigt-kompetencer","status":"publish","type":"page","link":"https:\/\/almenmedicin-nord.dk\/?page_id=701","title":{"rendered":"Oversigt kompetencer\/uddannelsesplan"},"content":{"rendered":"<p>Alle uddannelsesl\u00e6ger b\u00f8r i starten af hvert uddannelseselement have udarbejdet en uddannelsesplan. Denne beskriver, hvilke kompetencer der b\u00f8r v\u00e6re fokus p\u00e5 hvorn\u00e5r i forl\u00f8bet, s\u00e5 alle har fokus p\u00e5, at sikre at der sker en god progression og l\u00f8bende kompetenceopn\u00e5else og -godkendelse.<\/p>\n<p>Planerne nedenfor er et forslag, men I er naturligvis velkomne til at lave individuelle planer, hvis det passer bedre i den enkelte situation.<\/p>\n<p>&#8220;Gammel m\u00e5lbeskrivelse&#8221; (De uddannelsesl\u00e6ger der er ansat inden 2026 og derfor er 6 m\u00e5neder i fase 1)<\/p>\n<p><a href=\"http:\/\/almenmedicin-nord.dk\/wp-content\/uploads\/2022\/12\/Fase-1.pdf\" target=\"_blank\" rel=\"noopener noreferrer\">Fase 1<\/a> <a href=\"http:\/\/almenmedicin-nord.dk\/wp-content\/uploads\/2022\/12\/Fase-2.pdf\" target=\"_blank\" rel=\"noopener noreferrer\">Fase 2<\/a> <a href=\"http:\/\/almenmedicin-nord.dk\/wp-content\/uploads\/2022\/12\/Fase-3.pdf\" target=\"_blank\" rel=\"noopener noreferrer\">Fase 3<\/a><\/p>\n<p>&#8220;Ny m\u00e5lbeskrivelse&#8221; (De uddannelsesl\u00e6ger der er ansat fra 2026 og derfor er 12 m\u00e5neder i fase 1)<\/p>\n<p><a href=\"http:\/\/almenmedicin-nord.dk\/wp-content\/uploads\/2025\/12\/PLAN-FOR-kompetencegodk-fase-1NY.pdf\" target=\"_blank\" rel=\"noopener noreferrer\">Fase 1 NY<\/a> <a href=\"http:\/\/almenmedicin-nord.dk\/wp-content\/uploads\/2025\/12\/PLAN-FOR-kompetencegodk-fase-2NY.pdf\" target=\"_blank\" rel=\"noopener noreferrer\">Fase 2 NY<\/a> <a href=\"http:\/\/almenmedicin-nord.dk\/wp-content\/uploads\/2025\/12\/PLAN-FOR-kompetencegodk-fase-3NY.pdf\" target=\"_blank\" rel=\"noopener noreferrer\">Fase 3 NY<\/a><\/p>\n<p>Du kan finde et hj\u00e6lpev\u00e6rkt\u00f8j til sekret\u00e6rer ift. hvilke patienter uddannelsesl\u00e6gerne gerne vil se <a href=\"http:\/\/almenmedicin-nord.dk\/wp-content\/uploads\/2019\/11\/TIDSPRIORITERINGSSKEMA.pdf\" target=\"_blank\" rel=\"noopener noreferrer\">her<\/a><\/p>\n","protected":false},"excerpt":{"rendered":"<p>Alle uddannelsesl\u00e6ger b\u00f8r i starten af hvert uddannelseselement have udarbejdet en uddannelsesplan. Denne beskriver, hvilke kompetencer der b\u00f8r v\u00e6re fokus p\u00e5 hvorn\u00e5r i forl\u00f8bet, s\u00e5 alle har fokus p\u00e5, at sikre at der sker en god progression og l\u00f8bende kompetenceopn\u00e5else og -godkendelse. Planerne nedenfor er et forslag, men I er naturligvis velkomne til at lave&#8230;<\/p>\n","protected":false},"author":1,"featured_media":0,"parent":3,"menu_order":7,"comment_status":"closed","ping_status":"closed","template":"","meta":{"_kadence_starter_templates_imported_post":false,"_kad_post_transparent":"","_kad_post_title":"","_kad_post_layout":"","_kad_post_sidebar_id":"","_kad_post_content_style":"","_kad_post_vertical_padding":"","_kad_post_feature":"","_kad_post_feature_position":"","_kad_post_header":false,"_kad_post_footer":false,"_kad_post_classname":"","footnotes":""},"class_list":["post-701","page","type-page","status-publish","hentry"],"_links":{"self":[{"href":"https:\/\/almenmedicin-nord.dk\/index.php?rest_route=\/wp\/v2\/pages\/701","targetHints":{"allow":["GET"]}}],"collection":[{"href":"https:\/\/almenmedicin-nord.dk\/index.php?rest_route=\/wp\/v2\/pages"}],"about":[{"href":"https:\/\/almenmedicin-nord.dk\/index.php?rest_route=\/wp\/v2\/types\/page"}],"author":[{"embeddable":true,"href":"https:\/\/almenmedicin-nord.dk\/index.php?rest_route=\/wp\/v2\/users\/1"}],"replies":[{"embeddable":true,"href":"https:\/\/almenmedicin-nord.dk\/index.php?rest_route=%2Fwp%2Fv2%2Fcomments&post=701"}],"version-history":[{"count":10,"href":"https:\/\/almenmedicin-nord.dk\/index.php?rest_route=\/wp\/v2\/pages\/701\/revisions"}],"predecessor-version":[{"id":1341,"href":"https:\/\/almenmedicin-nord.dk\/index.php?rest_route=\/wp\/v2\/pages\/701\/revisions\/1341"}],"up":[{"embeddable":true,"href":"https:\/\/almenmedicin-nord.dk\/index.php?rest_route=\/wp\/v2\/pages\/3"}],"wp:attachment":[{"href":"https:\/\/almenmedicin-nord.dk\/index.php?rest_route=%2Fwp%2Fv2%2Fmedia&parent=701"}],"curies":[{"name":"wp","href":"https:\/\/api.w.org\/{rel}","templated":true}]}}