{"id":53,"date":"2010-03-12T12:46:39","date_gmt":"2010-03-12T11:46:39","guid":{"rendered":"http:\/\/almenmedicin-nord.dk\/?page_id=53"},"modified":"2019-11-21T15:08:05","modified_gmt":"2019-11-21T14:08:05","slug":"forskningstr%c3%a6ning","status":"publish","type":"page","link":"https:\/\/almenmedicin-nord.dk\/?page_id=53","title":{"rendered":"Forskningstr\u00e6ning"},"content":{"rendered":"<p>Af Sundhedsstyrelsens retningslinier for forskningstr\u00e6ning\u00a0fremg\u00e5r det, at det overordnede form\u00e5l er at op\u00f8ve kompetence til at ops\u00f8ge, vurdere og udvikle ny viden samt at anvende denne viden til kritisk vurdering af etableret praksis. Forskningstr\u00e6ningsmodulet er specielt rettet mod tr\u00e6ning af\u00a0akademikerrollen og\u00a0mod udvikling af professionel tilgang til daglig praksis.<\/p>\n<p>N\u00e5r\u00a0forskningstr\u00e6ningsmodulet er gennemf\u00f8rt skal l\u00e6gen kunne:<\/p>\n<ul>\n<li>formulere en problemstilling med udgangspunkt i en aktuel klinisk praksis inden for eget speciale og p\u00e5vise tilstedev\u00e6rende og manglende viden omkring problemstillingen<\/li>\n<li>gennemf\u00f8re en systematisk eftersporing i forskningslitteraturen til at belyse den valgte problemstilling<\/li>\n<li>fortolke litteraturens resultater kritisk og anvende resultaterne til en kritisk vurdering af etableret praksis gennem udnyttelse af viden erhvervet ved litteraturgennemgangen<\/li>\n<li>vurdere eventuelle organisatoriske, \u00f8konomiske og etiske konsekvenser af en \u00e6ndret praksis<\/li>\n<li>formidle resultatet af litteraturgennemgangen samt eventuelle \u00f8vrige overvejelser<\/li>\n<\/ul>\n<p>Alle l\u00e6ger i et hoveduddannelsesforl\u00f8b, som f\u00f8lger 2003-ordningen,\u00a0skal gennemf\u00f8re modulet forskningstr\u00e6ning, som er et obligatorisk element i speciall\u00e6geuddannelsen. Forskningstr\u00e6ningsmodulet har en samlet varighed p\u00e5 20 dage, som best\u00e5r af henholdsvis en teoretisk og en praktisk del.<\/p>\n<p>Forskningstr\u00e6ning i specialet Almen medicin er organiseret under Institut for Folkesundhed p\u00e5 Aarhus Universitet og indg\u00e5r som et obligatorisk elemement i kursusr\u00e6kken her.<\/p>\n<p>L\u00e6s mere om organisering, kurser og opgaver her: <a href=\"https:\/\/www.speam.dk\/flx\/aarhus\/forskningstraening\/\" target=\"_blank\" rel=\"noopener noreferrer\">https:\/\/www.speam.dk\/flx\/aarhus\/forskningstraening\/<\/a><\/p>\n","protected":false},"excerpt":{"rendered":"<p>Af Sundhedsstyrelsens retningslinier for forskningstr\u00e6ning\u00a0fremg\u00e5r det, at det overordnede form\u00e5l er at op\u00f8ve kompetence til at ops\u00f8ge, vurdere og udvikle ny viden samt at anvende denne viden til kritisk vurdering af etableret praksis. Forskningstr\u00e6ningsmodulet er specielt rettet mod tr\u00e6ning af\u00a0akademikerrollen og\u00a0mod udvikling af professionel tilgang til daglig praksis. N\u00e5r\u00a0forskningstr\u00e6ningsmodulet er gennemf\u00f8rt skal l\u00e6gen kunne: formulere&#8230;<\/p>\n","protected":false},"author":1,"featured_media":0,"parent":5,"menu_order":4,"comment_status":"closed","ping_status":"closed","template":"","meta":{"_kadence_starter_templates_imported_post":false,"_kad_post_transparent":"","_kad_post_title":"","_kad_post_layout":"","_kad_post_sidebar_id":"","_kad_post_content_style":"","_kad_post_vertical_padding":"","_kad_post_feature":"","_kad_post_feature_position":"","_kad_post_header":false,"_kad_post_footer":false,"_kad_post_classname":"","footnotes":""},"class_list":["post-53","page","type-page","status-publish","hentry"],"_links":{"self":[{"href":"https:\/\/almenmedicin-nord.dk\/index.php?rest_route=\/wp\/v2\/pages\/53","targetHints":{"allow":["GET"]}}],"collection":[{"href":"https:\/\/almenmedicin-nord.dk\/index.php?rest_route=\/wp\/v2\/pages"}],"about":[{"href":"https:\/\/almenmedicin-nord.dk\/index.php?rest_route=\/wp\/v2\/types\/page"}],"author":[{"embeddable":true,"href":"https:\/\/almenmedicin-nord.dk\/index.php?rest_route=\/wp\/v2\/users\/1"}],"replies":[{"embeddable":true,"href":"https:\/\/almenmedicin-nord.dk\/index.php?rest_route=%2Fwp%2Fv2%2Fcomments&post=53"}],"version-history":[{"count":9,"href":"https:\/\/almenmedicin-nord.dk\/index.php?rest_route=\/wp\/v2\/pages\/53\/revisions"}],"predecessor-version":[{"id":1026,"href":"https:\/\/almenmedicin-nord.dk\/index.php?rest_route=\/wp\/v2\/pages\/53\/revisions\/1026"}],"up":[{"embeddable":true,"href":"https:\/\/almenmedicin-nord.dk\/index.php?rest_route=\/wp\/v2\/pages\/5"}],"wp:attachment":[{"href":"https:\/\/almenmedicin-nord.dk\/index.php?rest_route=%2Fwp%2Fv2%2Fmedia&parent=53"}],"curies":[{"name":"wp","href":"https:\/\/api.w.org\/{rel}","templated":true}]}}