{"id":114,"date":"2011-02-05T20:14:33","date_gmt":"2011-02-05T19:14:33","guid":{"rendered":"http:\/\/almenmedicin-nord.dk\/?page_id=114"},"modified":"2024-03-20T10:44:38","modified_gmt":"2024-03-20T09:44:38","slug":"hvordan-bliver-jeg-tutorl%c3%a6ge","status":"publish","type":"page","link":"https:\/\/almenmedicin-nord.dk\/?page_id=114","title":{"rendered":"Hvordan bliver jeg tutorl\u00e6ge?"},"content":{"rendered":"<p>Der er altid brug for dygtige og engagerede tutorl\u00e6ger i hele regionen. Det at v\u00e6re tutorl\u00e6ge er dog ikke nogen garanti for at man tildeles en uddannelsesl\u00e6ge, da der ikke n\u00f8dvendigvis er sammenh\u00e6ng mellem udbud og eftersp\u00f8rgsel.<\/p>\n<p>Hvis du vil v\u00e6re tutorl\u00e6ge er der nogle formelle krav du skal opfylde. De aktuelle krav fra DSAM kan findes p\u00e5 <a href=\"https:\/\/www.dsam.dk\/uddannelse\/tutorlaege\/krav-til-tutorlaeger\" target=\"_blank\" rel=\"noopener noreferrer\" data-wplink-edit=\"true\">http:\/\/www.dsam.dk. <\/a>Vi har i Region Nordjylland lavet nogle lokale tilf\u00f8jelser og konkretiseringer af disse krav, som kan findes <a href=\"https:\/\/rn.dk\/-\/media\/CECE031F0D2B44B9AF1CB478D344048F.ashx\">her<\/a>.<\/p>\n<p>Det f\u00f8rste du skal g\u00f8re er dog at f\u00e5 tilmeldt dig et godkendt tutorl\u00e6gekursus. Disse kan findes p\u00e5 <a href=\"http:\/\/kursus.rn.dk\" target=\"_blank\" rel=\"noopener noreferrer\">kursus.rn.dk<\/a><\/p>\n<p>N\u00e5r du har v\u00e6ret p\u00e5 kurset skal godkendelsesformularen udfyldes. Den kan\u00a0findes <a href=\"https:\/\/rn.dk\/-\/media\/C98A24162445492EAF9D69DB12976B83.ashx\">her<\/a><\/p>\n","protected":false},"excerpt":{"rendered":"<p>Der er altid brug for dygtige og engagerede tutorl\u00e6ger i hele regionen. Det at v\u00e6re tutorl\u00e6ge er dog ikke nogen garanti for at man tildeles en uddannelsesl\u00e6ge, da der ikke n\u00f8dvendigvis er sammenh\u00e6ng mellem udbud og eftersp\u00f8rgsel. Hvis du vil v\u00e6re tutorl\u00e6ge er der nogle formelle krav du skal opfylde. De aktuelle krav fra DSAM&#8230;<\/p>\n","protected":false},"author":1,"featured_media":0,"parent":3,"menu_order":1,"comment_status":"closed","ping_status":"closed","template":"","meta":{"_kadence_starter_templates_imported_post":false,"_kad_post_transparent":"","_kad_post_title":"","_kad_post_layout":"","_kad_post_sidebar_id":"","_kad_post_content_style":"","_kad_post_vertical_padding":"","_kad_post_feature":"","_kad_post_feature_position":"","_kad_post_header":false,"_kad_post_footer":false,"_kad_post_classname":"","footnotes":""},"class_list":["post-114","page","type-page","status-publish","hentry"],"_links":{"self":[{"href":"https:\/\/almenmedicin-nord.dk\/index.php?rest_route=\/wp\/v2\/pages\/114","targetHints":{"allow":["GET"]}}],"collection":[{"href":"https:\/\/almenmedicin-nord.dk\/index.php?rest_route=\/wp\/v2\/pages"}],"about":[{"href":"https:\/\/almenmedicin-nord.dk\/index.php?rest_route=\/wp\/v2\/types\/page"}],"author":[{"embeddable":true,"href":"https:\/\/almenmedicin-nord.dk\/index.php?rest_route=\/wp\/v2\/users\/1"}],"replies":[{"embeddable":true,"href":"https:\/\/almenmedicin-nord.dk\/index.php?rest_route=%2Fwp%2Fv2%2Fcomments&post=114"}],"version-history":[{"count":13,"href":"https:\/\/almenmedicin-nord.dk\/index.php?rest_route=\/wp\/v2\/pages\/114\/revisions"}],"predecessor-version":[{"id":1272,"href":"https:\/\/almenmedicin-nord.dk\/index.php?rest_route=\/wp\/v2\/pages\/114\/revisions\/1272"}],"up":[{"embeddable":true,"href":"https:\/\/almenmedicin-nord.dk\/index.php?rest_route=\/wp\/v2\/pages\/3"}],"wp:attachment":[{"href":"https:\/\/almenmedicin-nord.dk\/index.php?rest_route=%2Fwp%2Fv2%2Fmedia&parent=114"}],"curies":[{"name":"wp","href":"https:\/\/api.w.org\/{rel}","templated":true}]}}