{"id":672,"date":"2016-08-11T19:39:53","date_gmt":"2016-08-11T18:39:53","guid":{"rendered":"http:\/\/almenmedicin-nord.dk\/?page_id=672"},"modified":"2020-10-07T08:33:53","modified_gmt":"2020-10-07T07:33:53","slug":"procedure-for-merit","status":"publish","type":"page","link":"http:\/\/almenmedicin-nord.dk\/?page_id=672","title":{"rendered":"Procedure for merit"},"content":{"rendered":"<p>I\u00a0<a href=\"http:\/\/almenmedicin-nord.dk\/wp-content\/uploads\/2020\/10\/Procedure-for-ans\u00f8gning-om-merit.pdf\" target=\"_blank\" rel=\"noopener noreferrer\">vedh\u00e6ftede<\/a> dokument er proceduren vedr. ans\u00f8gning for merit beskrevet.<\/p>\n<p>Merit for stillinger i udlandet kan du l\u00e6se om <a href=\"http:\/\/almenmedicin-nord.dk\/wp-content\/uploads\/2020\/08\/Vejledererkl\u00e6ring-til-brug-for-ans\u00f8gning-om-merit-for-uddannelsesstilling-i-udlandet..pdf\">her<\/a><\/p>\n","protected":false},"excerpt":{"rendered":"<p>I\u00a0vedh\u00e6ftede dokument er proceduren vedr. ans\u00f8gning for merit beskrevet. Merit for stillinger i udlandet kan du l\u00e6se om her<\/p>\n","protected":false},"author":1,"featured_media":0,"parent":5,"menu_order":8,"comment_status":"closed","ping_status":"closed","template":"","meta":{"_kadence_starter_templates_imported_post":false,"_kad_post_transparent":"","_kad_post_title":"","_kad_post_layout":"","_kad_post_sidebar_id":"","_kad_post_content_style":"","_kad_post_vertical_padding":"","_kad_post_feature":"","_kad_post_feature_position":"","_kad_post_header":false,"_kad_post_footer":false,"_kad_post_classname":"","footnotes":""},"class_list":["post-672","page","type-page","status-publish","hentry"],"_links":{"self":[{"href":"http:\/\/almenmedicin-nord.dk\/index.php?rest_route=\/wp\/v2\/pages\/672","targetHints":{"allow":["GET"]}}],"collection":[{"href":"http:\/\/almenmedicin-nord.dk\/index.php?rest_route=\/wp\/v2\/pages"}],"about":[{"href":"http:\/\/almenmedicin-nord.dk\/index.php?rest_route=\/wp\/v2\/types\/page"}],"author":[{"embeddable":true,"href":"http:\/\/almenmedicin-nord.dk\/index.php?rest_route=\/wp\/v2\/users\/1"}],"replies":[{"embeddable":true,"href":"http:\/\/almenmedicin-nord.dk\/index.php?rest_route=%2Fwp%2Fv2%2Fcomments&post=672"}],"version-history":[{"count":8,"href":"http:\/\/almenmedicin-nord.dk\/index.php?rest_route=\/wp\/v2\/pages\/672\/revisions"}],"predecessor-version":[{"id":1081,"href":"http:\/\/almenmedicin-nord.dk\/index.php?rest_route=\/wp\/v2\/pages\/672\/revisions\/1081"}],"up":[{"embeddable":true,"href":"http:\/\/almenmedicin-nord.dk\/index.php?rest_route=\/wp\/v2\/pages\/5"}],"wp:attachment":[{"href":"http:\/\/almenmedicin-nord.dk\/index.php?rest_route=%2Fwp%2Fv2%2Fmedia&parent=672"}],"curies":[{"name":"wp","href":"https:\/\/api.w.org\/{rel}","templated":true}]}}