{"id":45,"date":"2010-03-11T15:24:00","date_gmt":"2010-03-11T14:24:00","guid":{"rendered":"http:\/\/almenmedicin-nord.dk\/?page_id=45"},"modified":"2024-10-28T17:08:00","modified_gmt":"2024-10-28T16:08:00","slug":"kurser-generelle-og-specialespecifikke","status":"publish","type":"page","link":"http:\/\/almenmedicin-nord.dk\/?page_id=45","title":{"rendered":"Kurser"},"content":{"rendered":"<p><strong>Generelle kurser<\/strong><\/p>\n<p>I uddannelsen til speciall\u00e6ge indg\u00e5r et antal generelle kurser, som gennemf\u00f8res p\u00e5 tv\u00e6rs af specialerne. Kurserne er obligatoriske for alle l\u00e6ger ansat i klinisk basis-, introduktions- eller hoveduddannelse.<\/p>\n<p>Oversigten viser kursernes l\u00e6ngde og placering i uddannelsen:<\/p>\n<table border=\"1\" cellspacing=\"0\" cellpadding=\"0\">\n<tbody>\n<tr>\n<td valign=\"top\" width=\"168\"><strong>Uddannelse<\/strong><\/td>\n<td valign=\"top\" width=\"180\"><strong>Kursus<\/strong><\/td>\n<td valign=\"top\" width=\"84\"><strong>Halv\u00e5r <\/strong><\/td>\n<td valign=\"top\" width=\"96\"><strong>Varighed<\/strong><\/td>\n<\/tr>\n<tr>\n<td rowspan=\"3\" valign=\"top\" width=\"168\"><strong>Klinisk basisuddannelse<\/strong><\/td>\n<td valign=\"top\" width=\"180\">Akut medicin og kommunikation<\/td>\n<td valign=\"top\" width=\"84\">1. halv\u00e5r<\/td>\n<td valign=\"top\" width=\"96\">2 + 2 dage<\/td>\n<\/tr>\n<tr>\n<td valign=\"top\" width=\"180\">L\u00e6ring<\/td>\n<td valign=\"top\" width=\"84\">1. halv\u00e5r<\/td>\n<td valign=\"top\" width=\"96\">2 dage<\/td>\n<\/tr>\n<tr>\n<td valign=\"top\" width=\"180\">Kommunikation<\/td>\n<td valign=\"top\" width=\"84\">2. halv\u00e5r<\/td>\n<td valign=\"top\" width=\"96\">3 dage<\/td>\n<\/tr>\n<tr>\n<td rowspan=\"1\" valign=\"top\" width=\"168\"><strong>Introduktionsuddannelse<\/strong><\/td>\n<td valign=\"top\" width=\"180\">Vejledning<\/td>\n<td valign=\"top\" width=\"84\">2. halv\u00e5r<\/td>\n<td valign=\"top\" width=\"96\">2 + 1 dage<\/td>\n<\/tr>\n<tr>\n<td rowspan=\"3\" valign=\"top\" width=\"168\"><strong>Hoveduddannelse<\/strong><\/td>\n<td valign=\"top\" width=\"180\">Sundhedsv\u00e6senets Organisation og Ledelse 1 (SOL 1)<\/td>\n<td valign=\"top\" width=\"84\">F\u00f8rste del<\/td>\n<td valign=\"top\" width=\"96\">2 dage<\/td>\n<\/tr>\n<tr>\n<td valign=\"top\" width=\"180\">Sundhedsv\u00e6senets Organisation og Ledelse 2 (SOL 2)<\/td>\n<td valign=\"top\" width=\"84\">Sidste del<\/td>\n<td valign=\"top\" width=\"96\">3 dage (internat)<\/td>\n<\/tr>\n<tr>\n<td valign=\"top\" width=\"180\">Sundhedsv\u00e6senets Organisation og Ledelse 3 (SOL 3)<\/td>\n<td valign=\"top\" width=\"84\">Sidste del<\/td>\n<td valign=\"top\" width=\"96\">3 dage (internat) + 1 dag (externat)<\/td>\n<\/tr>\n<\/tbody>\n<\/table>\n<h3>Klinisk basisuddannelse<\/h3>\n<p>Tilmeldingen til kurserne sker automatisk, og kursisterne f\u00e5r besked om tid og sted direkte fra kursusudbyder.<\/p>\n<h3>Introduktions- og hoveduddannelse<\/h3>\n<p>I Videreuddannelsesregion Nord gennemf\u00f8res de generelle kurser af tre forskellige kursusarrang\u00f8rer.<\/p>\n<p>Tilmelding kan kun ske via kursusarrang\u00f8rernes hjemmeside. P\u00e5 disse hjemmesider kan\u00a0tid og sted for kursernes afholdelse samt uddybende beskrivelser af kurset, m\u00e5l, indhold og niveau findes.<\/p>\n<p><strong>Vejledningskurser<\/strong>:\u00a0<a href=\"https:\/\/rn.plan2learn.dk\/KursusValg.aspx?id=15860\" target=\"_blank\" rel=\"noopener noreferrer\">https:\/\/rn.plan2learn.dk\/KursusValg.aspx?id=15860<\/a><\/p>\n<p><strong>SOL 1 og SOL 3<\/strong>: HR, Efter- og Videreuddannelse i Region Midtjylland, <a href=\"https:\/\/rm.plan2learn.dk\/\" target=\"_blank\" rel=\"noopener noreferrer\">https:\/\/rm.plan2learn.dk<\/a><\/p>\n<p><strong>SOL 2<\/strong>: Sundhedsstyrelsen, <a href=\"https:\/\/www.sst.dk\/da\/Fagperson\/Sundhedsvaesenets-rammer-og-uddannelser\/Uddannelser-varetaget-af-Sundhedsstyrelsen\/Uddannelse-af-speciallaeger\/Generelle-kurser\" target=\"_blank\" rel=\"noopener noreferrer\">www.sst.dk<\/a><br \/>\n(afholdes som et centralt kursus for l\u00e6ger fra alle tre videreuddannelsesregioner)<\/p>\n<p><strong>Specialespecifikke kurser<\/strong><\/p>\n<p>De obligatoriske, specialespecifikke kurser i hoveduddannelse\u00a0afholdes p\u00e5 Institut for Folkesundhed\u00a0p\u00e5 Aarhus Universitet. Du kan se kursusindhold og kursusoversigten her: <a href=\"http:\/\/www.speam.dk\/flx\/aarhus\/specialeuddannelsen_i_aarhus\/\">http:\/\/www.speam.dk\/flx\/aarhus\/specialeuddannelsen_i_aarhus\/<\/a><\/p>\n<h1>Lokale kurser<\/h1>\n<p>Ud over de ovenfor beskrevne centrale kurser, afholdes f\u00f8lgende:<\/p>\n<p>KBU (2-del): Ca. 4 dage hvert halve \u00e5r. Tilmelding n\u00f8dvendig. Invitation udsendes via mail.<\/p>\n<p>Intro: Ca. 1 dag hvert halve \u00e5r. Tilmelding n\u00f8dvendig. Invitation udsendes via mail.<br \/>\nDesuden er der i introstillingen obligatorisk deltagelse i den regionale vagtl\u00e6gekursus.\u00a0Tilmelding n\u00f8dvendig. Invitation udsendes via mail.<\/p>\n<p>Hoveduddannelse: Temadag 2 gange hvert halve \u00e5r. (Typisk sidste tirsdag i april og torsdag i uge 41)\u00a0Tilmelding n\u00f8dvendig. Invitation udsendes via mail.<\/p>\n<p><!--\n<strong>Vagtl\u00e6gekursus i Region Nordjylland<\/strong>\n\nAt kunne tage en l\u00e6gevagt er en kompetence, som enhver nyuddannet specialist i Almen medicin m\u00e5 forventes at besidde. Det kr\u00e6ver imidlertid at uddannelsesl\u00e6gen har modtaget tilstr\u00e6kkelig instruktion, supervision og vejledning samt har haft mulighed for at opn\u00e5 en grundl\u00e6ggende erfaring med at k\u00f8re l\u00e6gevagter.\n\nYngre l\u00e6ger under uddannelse til almen praksis har mulighed for at erhverve et et\u00e5rigt vagtydernummer med mulighed for forl\u00e6ngelse.\n\nDette foruds\u00e6tter imidlertid uddannelse til denne funktion, herunder et vagtl\u00e6gekursus, som er tilrettelagt i samarbejde mellem de Almenmedicinske Udannelseskoordinatorer og vagtudvalget.\n\nDu kan l\u00e6se mere om uddannelse og deltagelse i l\u00e6gevagten her: <a href=\"http:\/\/www.praksisinformation.rn.dk\/Uddannelse\/AMU\/tutorlaegerivagtlaegeordning.htm\">http:\/\/www.praksisinformation.rn.dk\/Uddannelse\/AMU\/tutorlaegerivagtlaegeordning.htm<\/a> --><\/p>\n","protected":false},"excerpt":{"rendered":"<p>Generelle kurser I uddannelsen til speciall\u00e6ge indg\u00e5r et antal generelle kurser, som gennemf\u00f8res p\u00e5 tv\u00e6rs af specialerne. Kurserne er obligatoriske for alle l\u00e6ger ansat i klinisk basis-, introduktions- eller hoveduddannelse. Oversigten viser kursernes l\u00e6ngde og placering i uddannelsen: Uddannelse Kursus Halv\u00e5r Varighed Klinisk basisuddannelse Akut medicin og kommunikation 1. halv\u00e5r 2 + 2 dage L\u00e6ring&#8230;<\/p>\n","protected":false},"author":1,"featured_media":0,"parent":5,"menu_order":30,"comment_status":"closed","ping_status":"closed","template":"","meta":{"_kadence_starter_templates_imported_post":false,"_kad_post_transparent":"","_kad_post_title":"","_kad_post_layout":"","_kad_post_sidebar_id":"","_kad_post_content_style":"","_kad_post_vertical_padding":"","_kad_post_feature":"","_kad_post_feature_position":"","_kad_post_header":false,"_kad_post_footer":false,"_kad_post_classname":"","footnotes":""},"class_list":["post-45","page","type-page","status-publish","hentry"],"_links":{"self":[{"href":"http:\/\/almenmedicin-nord.dk\/index.php?rest_route=\/wp\/v2\/pages\/45","targetHints":{"allow":["GET"]}}],"collection":[{"href":"http:\/\/almenmedicin-nord.dk\/index.php?rest_route=\/wp\/v2\/pages"}],"about":[{"href":"http:\/\/almenmedicin-nord.dk\/index.php?rest_route=\/wp\/v2\/types\/page"}],"author":[{"embeddable":true,"href":"http:\/\/almenmedicin-nord.dk\/index.php?rest_route=\/wp\/v2\/users\/1"}],"replies":[{"embeddable":true,"href":"http:\/\/almenmedicin-nord.dk\/index.php?rest_route=%2Fwp%2Fv2%2Fcomments&post=45"}],"version-history":[{"count":30,"href":"http:\/\/almenmedicin-nord.dk\/index.php?rest_route=\/wp\/v2\/pages\/45\/revisions"}],"predecessor-version":[{"id":1286,"href":"http:\/\/almenmedicin-nord.dk\/index.php?rest_route=\/wp\/v2\/pages\/45\/revisions\/1286"}],"up":[{"embeddable":true,"href":"http:\/\/almenmedicin-nord.dk\/index.php?rest_route=\/wp\/v2\/pages\/5"}],"wp:attachment":[{"href":"http:\/\/almenmedicin-nord.dk\/index.php?rest_route=%2Fwp%2Fv2%2Fmedia&parent=45"}],"curies":[{"name":"wp","href":"https:\/\/api.w.org\/{rel}","templated":true}]}}