{"id":276,"date":"2013-04-16T10:03:44","date_gmt":"2013-04-16T09:03:44","guid":{"rendered":"http:\/\/almenmedicin-nord.dk\/?page_id=276"},"modified":"2026-01-20T20:35:09","modified_gmt":"2026-01-20T19:35:09","slug":"quick-guide-for-tutorlaeger","status":"publish","type":"page","link":"http:\/\/almenmedicin-nord.dk\/?page_id=276","title":{"rendered":"Quick-guide for tutorl\u00e6ger"},"content":{"rendered":"<p><strong>Generelt for alle ans\u00e6ttelser !<\/strong><\/p>\n<p><strong>Kemisamtale.<\/strong> Alle uddannelsesl\u00e6ger indbydes i god tid forud for enhver ans\u00e6ttelse til \u201dkemisamtale\u201d i praksis med pr\u00e6sentation af praksis. Det er en god ide ved dette m\u00f8de at diskutere praksisbeskrivelsen og introduktionsprogrammet for den f\u00f8rste tid i praksis. Er en af parterne efter kemisamtalen ikke interesseret i at ans\u00e6ttelsen skal gennemf\u00f8res, skal &#8220;Mennesker og organisation&#8221; kontaktes hurtigst muligt.<\/p>\n<p><strong>Evaluering.<\/strong> Alle uddannelsesl\u00e6ger skal ved ans\u00e6ttelsens afslutning evaluere praksis p\u00e5 <a href=\"https:\/\/uddannelseslaege.dk\">uddannelseslaege.dk<\/a> \u00a0Evalueringen b\u00f8r hver gang diskuteres med tutorl\u00e6gen.<\/p>\n<p><strong>Forsikringsforhold.<\/strong> Tutorl\u00e6ger skal s\u00f8rge for at ALLE typer uddannelsesl\u00e6ger er d\u00e6kket af en arbejdsskadeforsikring. Det f\u00f8lger af lovgivningen. Regionen d\u00e6kker l\u00e6geansvarsforsikring for basisl\u00e6ger, introamanuenser samt fase 1-l\u00e6ger. L\u00e6ger i fase 2 og 3 skal v\u00e6re d\u00e6kket af praksis\u2019 egen l\u00e6geansvarsforsikring<\/p>\n<hr \/>\n<p><em>Klinisk basisuddannelse (6 mdr)<\/em><\/p>\n<ul>\n<li>Uddannelsesl\u00e6gen medbringer uddannelsesprogram. Se &#8220;<a href=\"http:\/\/www.videreuddannelsen-nord.dk\/klinisk-basisuddannelse\/uddannelsesprogrammer\/\" target=\"_blank\" rel=\"noopener noreferrer\">Uddannelsesprogrammer<\/a>&#8221; som findes p\u00e5 Videreuddannelsesregion Nord\u00b4s hjemmeside.<\/li>\n<li>Uddannelsesl\u00e6gen kan selv finde praksisbeskrivelsen p\u00e5 &#8220;<a href=\"http:\/\/www.videreuddannelsen-nord.dk\/hoveduddannelse\/specialer\/almen-medicin\/uddannelsesprogrammer\/praksisbeskrivelser---region-nordjylland\/\" target=\"_blank\" rel=\"noopener noreferrer\">Praksisbeskrivelser &#8211; Region Nordjylland<\/a>&#8221; p\u00e5 Videreuddannelsesregion Nord\u00b4s hjemmeside.<\/li>\n<li>Uddannelsesprogrammer, for alle ans\u00e6ttelseskombinationer, kan findes <a href=\"http:\/\/www.videreuddannelsen-nord.dk\/klinisk-basisuddannelse\/uddannelsesprogrammer\/\" target=\"_blank\" rel=\"noopener noreferrer\">her<\/a> p\u00e5 Videreuddannelsesregion Nord&#8217;s hjemmeside.<\/li>\n<li>Uddannelsessamtaler incl. karriereplan x 3 i l\u00f8bet af ans\u00e6ttelsen. Brug eks. skemaerne <a title=\"her\" href=\"http:\/\/almenmedicin-nord.dk\/?page_id=543\">her<\/a><\/li>\n<li>Godkende kompetencer (3, 6, 7, 8, 11, 13, 15 og 16)\u00a0i logbogen. Denne skulle meget gerne indeholde underskrevne kompetencer fra 1. sygehusans\u00e6ttelse. (Hvis ikke skal udd.l\u00e6gen kontakte afdelingen)<\/li>\n<li>Underskrive &#8220;Attestation for tidsm\u00e6ssigt gennemf\u00f8rt uddannelseselement i den l\u00e6gelige videreuddannelse&#8221; som findes p\u00e5 <a href=\"https:\/\/uddannelseslaege.dk\">uddannelseslaege.dk<\/a><\/li>\n<li>Gennemg\u00e5 uddannelsesl\u00e6gens evaluering<br \/>\nUddannelsesl\u00e6gen b\u00f8r udfylde evalueringen alene og medbringe en udskrift af den til afslutningssamtalen.<\/li>\n<li>Frav\u00e6r, ferie, kurser m.v. indberettes hver m\u00e5ned til l\u00f8nkontoret. Dette g\u00f8r uddannelsesl\u00e6gen via appen &#8220;Min L\u00f8n&#8221;. Klinikken f\u00e5r tilsendt en kopi af indberetningerne til klinikkens elektroniske postkasse.<\/li>\n<\/ul>\n<hr \/>\n<p><em>Introduktionsl\u00e6ge (6 mdr)<\/em><\/p>\n<ul>\n<li>Uddannelsesl\u00e6gen medbringer uddannelsesprogram. Se &#8220;<a href=\"http:\/\/www.videreuddannelsen-nord.dk\/introduktionsuddannelse\/specialer\/almen-medicin\/uddannelsesprogrammer\/\" target=\"_blank\" rel=\"noopener noreferrer\">Uddannelsesprogrammer<\/a>&#8221; som findes p\u00e5 Videreuddannelsesregion Nord\u00b4s hjemmeside.<\/li>\n<li>Uddannelsesl\u00e6gen kan selv finde praksisbeskrivelsen p\u00e5 &#8220;<a href=\"http:\/\/www.videreuddannelsen-nord.dk\/hoveduddannelse\/specialer\/almen-medicin\/uddannelsesprogrammer\/praksisbeskrivelser---region-nordjylland\/\" target=\"_blank\" rel=\"noopener noreferrer\">Praksisbeskrivelser &#8211; Region Nordjylland<\/a>&#8221; p\u00e5 Videreuddannelsesregion Nord\u00b4s hjemmeside.<\/li>\n<li>Uddannelsessamtaler incl. karriereplan x 3 i l\u00f8bet af ans\u00e6ttelsen. Brug eks. skemaerne\u00a0<a title=\"her\" href=\"http:\/\/almenmedicin-nord.dk\/?page_id=543\">her<\/a>.<\/li>\n<li>Tutor udfylder \u201dVurderingsskema\u201d til brug ved ans\u00f8gning til hoveduddannelsesstilling &#8211; se &#8220;<a href=\"http:\/\/www.dsam.dk\/files\/3\/vurderingsskema_i_almen_medicin.pdf\">Vurderingsskema for intro stillingen i almen medicin<\/a>&#8221; som findes p\u00e5 DSAM\u00b4s hjemmeside. Dette er kun relevant hvis uddannelsesl\u00e6gen skal s\u00f8ge en stilling inden kompetencerne er godkendt i logbogen.<\/li>\n<li>Godkende kompetencer p\u00e5\u00a0<a href=\"https:\/\/uddannelseslaege.dk\">uddannelseslaege.dk<\/a><\/li>\n<li>Underskrive &#8220;Attestation for tidsm\u00e6ssigt gennemf\u00f8rt uddannelseselement i den l\u00e6gelige videreuddannelse&#8221; som findes p\u00e5 <a href=\"https:\/\/uddannelseslaege.dk\">uddannelseslaege.dk<\/a><\/li>\n<li>Gennemg\u00e5 uddannelsesl\u00e6gens evaluering<br \/>\nUddannelsesl\u00e6gen b\u00f8r udfylde evalueringen alene og medbringe en udskrift af den til afslutningssamtalen.<\/li>\n<li>Frav\u00e6r, ferie, kurser m.v. indberettes hver m\u00e5ned til l\u00f8nkontoret. Dette g\u00f8r uddannelsesl\u00e6gen via appen &#8220;Min L\u00f8n&#8221;. Klinikken f\u00e5r tilsendt en kopi af indberetningerne til klinikkens elektroniske postkasse.<\/li>\n<\/ul>\n<hr \/>\n<p><em>Uddannelsesl\u00e6ge fase 1 (6 mdr)<\/em><\/p>\n<ul>\n<li>Uddannelsesl\u00e6gen medbringer uddannelsesprogram. Se &#8220;<a href=\"http:\/\/www.videreuddannelsen-nord.dk\/hoveduddannelse\/specialer\/almen-medicin\/uddannelsesprogrammer\/\">Uddannelsesprogram&#8221;<\/a>\u00a0som findes p\u00e5 Videreuddannelsesregion Nord\u00b4s hjemmeside.<\/li>\n<li>Uddannelsesl\u00e6gen kan selv finde praksisbeskrivelsen p\u00e5 &#8220;<a href=\"http:\/\/www.videreuddannelsen-nord.dk\/hoveduddannelse\/specialer\/almen-medicin\/uddannelsesprogrammer\/praksisbeskrivelser---region-nordjylland\/\" target=\"_blank\" rel=\"noopener noreferrer\">Praksisbeskrivelser &#8211; Region Nordjylland<\/a>&#8221; p\u00e5 Videreuddannelsesregion Nord\u00b4s hjemmeside.<\/li>\n<li>Uddannelsessamtaler incl. karriereplan x 3 i l\u00f8bet af ans\u00e6ttelsen. Brug eks. skemaerne\u00a0<a title=\"her\" href=\"http:\/\/almenmedicin-nord.dk\/?page_id=543\">her<\/a>.<\/li>\n<li>Godkende kompetencer p\u00e5\u00a0<a href=\"https:\/\/uddannelseslaege.dk\">uddannelseslaege.dk<\/a><\/li>\n<li>Underskrive &#8220;Attestation for tidsm\u00e6ssigt gennemf\u00f8rt uddannelseselement i den l\u00e6gelige videreuddannelse&#8221; som findes p\u00e5 <a href=\"https:\/\/uddannelseslaege.dk\">uddannelseslaege.dk<\/a><\/li>\n<li>Gennemg\u00e5 uddannelsesl\u00e6gens evaluering<br \/>\nUddannelsesl\u00e6gen b\u00f8r udfylde evalueringen alene og medbringe en udskrift af den til afslutningssamtalen.<\/li>\n<li>Frav\u00e6r, ferie, kurser m.v. indberettes hver m\u00e5ned til l\u00f8nkontoret. Dette g\u00f8r uddannelsesl\u00e6gen via appen &#8220;Min L\u00f8n&#8221;. Klinikken f\u00e5r tilsendt en kopi af indberetningerne til klinikkens elektroniske postkasse.<\/li>\n<\/ul>\n<hr \/>\n<p><em>Uddannelsesl\u00e6ge fase 2 (6 mdr)<\/em><\/p>\n<ul>\n<li>Uddannelsesprogrammet medbringes fra fase 1. (Se &#8220;<a href=\"http:\/\/www.videreuddannelsen-nord.dk\/hoveduddannelse\/specialer\/almen-medicin\/uddannelsesprogrammer\/\">Uddannelsesprogram&#8221;<\/a> som findes p\u00e5 Videreuddannelsesregion Nord\u00b4s hjemmeside.)<\/li>\n<li>Udf\u00e6rdige ans\u00e6ttelseskontrakt. PLO har et forslag p\u00e5\u00a0<a href=\"https:\/\/laeger.dk\/foreninger\/plo\/drift-af-praksis\/ledelse-og-ansatte\/praksisamanuenser-fase-2-og-3\" target=\"_blank\" rel=\"noopener noreferrer\">l\u00e6ger.dk<\/a><\/li>\n<li>Uddannelsessamtaler incl. karriereplan x 3 i l\u00f8bet af ans\u00e6ttelsen. Brug eks. skemaerne\u00a0<a title=\"her\" href=\"http:\/\/almenmedicin-nord.dk\/?page_id=543\">her<\/a><\/li>\n<li>Diskutere og underskrive forskningstr\u00e6ningsprojekt som uddannelsesl\u00e6gen freml\u00e6gger i praksis.<\/li>\n<li>Godkende kompetencer p\u00e5\u00a0<a href=\"https:\/\/uddannelseslaege.dk\">uddannelseslaege.dk<\/a><\/li>\n<li>Underskrive &#8220;Attestation for tidsm\u00e6ssigt gennemf\u00f8rt uddannelseselement i den l\u00e6gelige videreuddannelse&#8221; som findes p\u00e5 <a href=\"https:\/\/uddannelseslaege.dk\">uddannelseslaege.dk<\/a><\/li>\n<li>Gennemg\u00e5 uddannelsesl\u00e6gens evaluering<br \/>\nUddannelsesl\u00e6gen b\u00f8r udfylde evalueringen alene og medbringe en udskrift af den til afslutningssamtalen.<\/li>\n<li>Frav\u00e6r, ferie, kurser m.v. indberettes hver m\u00e5ned til l\u00f8nkontoret. Dette g\u00f8r uddannelsesl\u00e6gen via appen &#8220;Min L\u00f8n&#8221;. Klinikken f\u00e5r tilsendt en kopi af indberetningerne til klinikkens elektroniske postkasse.<\/li>\n<li>Praksis skal ikke udbetale l\u00f8n til uddannelsesl\u00e6gen. Praksis&#8217;s l\u00f8nudgift opkr\u00e6ves ca. halv\u00e5rligt fra regionen<\/li>\n<\/ul>\n<hr \/>\n<p><em>Uddannelsesl\u00e6ge fase 3 (12 mdr)<\/em><\/p>\n<ul>\n<li>Uddannelsesprogrammet medbringes fra fase 1 og 2. (Se &#8220;<a href=\"http:\/\/www.videreuddannelsen-nord.dk\/hoveduddannelse\/specialer\/almen-medicin\/uddannelsesprogrammer\/\">Uddannelsesprogram&#8221;<\/a>\u00a0som findes p\u00e5 Videreuddannelsesregion Nord\u00b4s hjemmeside.)<\/li>\n<li>Udf\u00e6rdige ans\u00e6ttelseskontrakt. PLO har et forslag p\u00e5\u00a0<a href=\"https:\/\/laeger.dk\/foreninger\/plo\/drift-af-praksis\/ledelse-og-ansatte\/praksisamanuenser-fase-2-og-3\" target=\"_blank\" rel=\"noopener noreferrer\">l\u00e6ger.dk<\/a><\/li>\n<li>Uddannelsessamtaler incl. karriereplan x 3 i l\u00f8bet af ans\u00e6ttelsen. Brug eks. skemaerne\u00a0<a title=\"her\" href=\"http:\/\/almenmedicin-nord.dk\/?page_id=543\">her<\/a><\/li>\n<li>Diskutere og underskrive forskningstr\u00e6ningsprojekt som uddannelsesl\u00e6gen freml\u00e6gger i praksis.<\/li>\n<li>Godkende kompetencer p\u00e5\u00a0<a href=\"https:\/\/uddannelseslaege.dk\">uddannelseslaege.dk<\/a><\/li>\n<li>Underskrive &#8220;Attestation for tidsm\u00e6ssigt gennemf\u00f8rt uddannelseselement i den l\u00e6gelige videreuddannelse&#8221; som findes p\u00e5 <a href=\"https:\/\/uddannelseslaege.dk\">uddannelseslaege.dk<\/a><\/li>\n<li>Gennemg\u00e5 uddannelsesl\u00e6gens evaluering<br \/>\nUddannelsesl\u00e6gen b\u00f8r udfylde evalueringen alene og medbringe en udskrift af den til afslutningssamtalen.<\/li>\n<li>Frav\u00e6r, ferie, kurser m.v. indberettes hver m\u00e5ned til l\u00f8nkontoret. Dette g\u00f8r uddannelsesl\u00e6gen via appen &#8220;Min L\u00f8n&#8221;. Klinikken f\u00e5r tilsendt en kopi af indberetningerne til klinikkens elektroniske postkasse.<\/li>\n<li>Praksis skal ikke udbetale l\u00f8n til uddannelsesl\u00e6gen. Praksis&#8217;s l\u00f8nudgift opkr\u00e6ves ca. halv\u00e5rligt fra regionen<\/li>\n<\/ul>\n<hr \/>\n<p>Siden er opdateret 28\/10-2024<\/p>\n","protected":false},"excerpt":{"rendered":"<p>Generelt for alle ans\u00e6ttelser ! Kemisamtale. Alle uddannelsesl\u00e6ger indbydes i god tid forud for enhver ans\u00e6ttelse til \u201dkemisamtale\u201d i praksis med pr\u00e6sentation af praksis. Det er en god ide ved dette m\u00f8de at diskutere praksisbeskrivelsen og introduktionsprogrammet for den f\u00f8rste tid i praksis. Er en af parterne efter kemisamtalen ikke interesseret i at ans\u00e6ttelsen skal&#8230;<\/p>\n","protected":false},"author":1,"featured_media":0,"parent":3,"menu_order":0,"comment_status":"closed","ping_status":"closed","template":"","meta":{"_kadence_starter_templates_imported_post":false,"_kad_post_transparent":"","_kad_post_title":"","_kad_post_layout":"","_kad_post_sidebar_id":"","_kad_post_content_style":"","_kad_post_vertical_padding":"","_kad_post_feature":"","_kad_post_feature_position":"","_kad_post_header":false,"_kad_post_footer":false,"_kad_post_classname":"","footnotes":""},"class_list":["post-276","page","type-page","status-publish","hentry"],"_links":{"self":[{"href":"http:\/\/almenmedicin-nord.dk\/index.php?rest_route=\/wp\/v2\/pages\/276","targetHints":{"allow":["GET"]}}],"collection":[{"href":"http:\/\/almenmedicin-nord.dk\/index.php?rest_route=\/wp\/v2\/pages"}],"about":[{"href":"http:\/\/almenmedicin-nord.dk\/index.php?rest_route=\/wp\/v2\/types\/page"}],"author":[{"embeddable":true,"href":"http:\/\/almenmedicin-nord.dk\/index.php?rest_route=\/wp\/v2\/users\/1"}],"replies":[{"embeddable":true,"href":"http:\/\/almenmedicin-nord.dk\/index.php?rest_route=%2Fwp%2Fv2%2Fcomments&post=276"}],"version-history":[{"count":46,"href":"http:\/\/almenmedicin-nord.dk\/index.php?rest_route=\/wp\/v2\/pages\/276\/revisions"}],"predecessor-version":[{"id":1345,"href":"http:\/\/almenmedicin-nord.dk\/index.php?rest_route=\/wp\/v2\/pages\/276\/revisions\/1345"}],"up":[{"embeddable":true,"href":"http:\/\/almenmedicin-nord.dk\/index.php?rest_route=\/wp\/v2\/pages\/3"}],"wp:attachment":[{"href":"http:\/\/almenmedicin-nord.dk\/index.php?rest_route=%2Fwp%2Fv2%2Fmedia&parent=276"}],"curies":[{"name":"wp","href":"https:\/\/api.w.org\/{rel}","templated":true}]}}