{"id":20,"date":"2010-03-03T21:02:49","date_gmt":"2010-03-03T20:02:49","guid":{"rendered":"http:\/\/c0e3ed820f6ab7cf34b51688b8a3b621fbdc02cf.web12.temporaryurl.org\/?page_id=20"},"modified":"2016-06-22T22:35:11","modified_gmt":"2016-06-22T21:35:11","slug":"videreuddannelsesregion-nord","status":"publish","type":"page","link":"http:\/\/almenmedicin-nord.dk\/?page_id=20","title":{"rendered":"Videreuddannelsesregion Nord"},"content":{"rendered":"<p>Videreuddannelsesregion Nord\u00a0er en af tre videreuddannelsesregioner i Danmark og\u00a0varetager\u00a0den kliniske\u00a0basisuddannelse\u00a0og hoveduddannelse i alle 38 specialer\u00a0i Region Midtjylland og Region Nordjylland. Videreuddannelsesregion Nord findes\u00a0p\u00e5 denne hjemmeside: <a href=\"http:\/\/www.videreuddannelsen-nord.dk\">www.videreuddannelsen-nord.dk<\/a><\/p>\n<p>Kontoret er\u00a0placeret i Viborg og fungerer som sekretariat for Det Regionale R\u00e5d for L\u00e6gers Videreuddannelse i Videreuddannelsesregion Nord.<\/p>\n<p>Form\u00e5let med det Regionale R\u00e5d er:<\/p>\n<ol>\n<li>At sikre en h\u00f8j kvalitet i den l\u00e6gelige videreuddannelse<\/li>\n<li>At sikre anvendelse af relevante p\u00e6dagogiske metoder og medvirke til udvikling af nye p\u00e6dagogiske metoder<\/li>\n<li>At sikre en smidig h\u00e5ndtering af de individuelle uddannelsesforl\u00f8b<\/li>\n<li>At sikre en l\u00f8bende tilpasning af uddannelseskapaciteten<\/li>\n<\/ol>\n<p>Det Regionale R\u00e5d har ansat et korps af postgraduate kliniske lektorer (PKL). Der er tilknyttet en lektor til hvert speciale. Specialet Almen medicin har det s\u00e6rlige forhold, at\u00a0planl\u00e6gningen af specialet\u00a0er knyttet til omr\u00e5der inden for videreuddannelsesregionen, og s\u00e5ledes er der en postgraduat klinisk lektor, som har ansvaret for planl\u00e6gning og kvalitet af uddannelsen i Almen medicin i Region Nordjylland.<\/p>\n<p>Aktuelt er der ingen PKL i region nordjylland, men funktionen bestrides af Joachim N\u00f8rmark.<\/p>\n<p>Har du sp\u00f8rgsm\u00e5l omkring mulighed for \u00e6ndring af dit uddannelsesforl\u00f8b, omkring uddannelsesprogrammer eller\u00a0omkring kvaliteten af den uddannelse, du modtager, skal du kontakte Joachim N\u00f8rmark.<\/p>\n","protected":false},"excerpt":{"rendered":"<p>Videreuddannelsesregion Nord\u00a0er en af tre videreuddannelsesregioner i Danmark og\u00a0varetager\u00a0den kliniske\u00a0basisuddannelse\u00a0og hoveduddannelse i alle 38 specialer\u00a0i Region Midtjylland og Region Nordjylland. Videreuddannelsesregion Nord findes\u00a0p\u00e5 denne hjemmeside: www.videreuddannelsen-nord.dk Kontoret er\u00a0placeret i Viborg og fungerer som sekretariat for Det Regionale R\u00e5d for L\u00e6gers Videreuddannelse i Videreuddannelsesregion Nord. Form\u00e5let med det Regionale R\u00e5d er: At sikre en h\u00f8j kvalitet&#8230;<\/p>\n","protected":false},"author":1,"featured_media":0,"parent":11,"menu_order":4,"comment_status":"closed","ping_status":"open","template":"","meta":{"_kadence_starter_templates_imported_post":false,"_kad_post_transparent":"","_kad_post_title":"","_kad_post_layout":"","_kad_post_sidebar_id":"","_kad_post_content_style":"","_kad_post_vertical_padding":"","_kad_post_feature":"","_kad_post_feature_position":"","_kad_post_header":false,"_kad_post_footer":false,"_kad_post_classname":"","footnotes":""},"class_list":["post-20","page","type-page","status-publish","hentry"],"_links":{"self":[{"href":"http:\/\/almenmedicin-nord.dk\/index.php?rest_route=\/wp\/v2\/pages\/20","targetHints":{"allow":["GET"]}}],"collection":[{"href":"http:\/\/almenmedicin-nord.dk\/index.php?rest_route=\/wp\/v2\/pages"}],"about":[{"href":"http:\/\/almenmedicin-nord.dk\/index.php?rest_route=\/wp\/v2\/types\/page"}],"author":[{"embeddable":true,"href":"http:\/\/almenmedicin-nord.dk\/index.php?rest_route=\/wp\/v2\/users\/1"}],"replies":[{"embeddable":true,"href":"http:\/\/almenmedicin-nord.dk\/index.php?rest_route=%2Fwp%2Fv2%2Fcomments&post=20"}],"version-history":[{"count":6,"href":"http:\/\/almenmedicin-nord.dk\/index.php?rest_route=\/wp\/v2\/pages\/20\/revisions"}],"predecessor-version":[{"id":665,"href":"http:\/\/almenmedicin-nord.dk\/index.php?rest_route=\/wp\/v2\/pages\/20\/revisions\/665"}],"up":[{"embeddable":true,"href":"http:\/\/almenmedicin-nord.dk\/index.php?rest_route=\/wp\/v2\/pages\/11"}],"wp:attachment":[{"href":"http:\/\/almenmedicin-nord.dk\/index.php?rest_route=%2Fwp%2Fv2%2Fmedia&parent=20"}],"curies":[{"name":"wp","href":"https:\/\/api.w.org\/{rel}","templated":true}]}}