{"id":118,"date":"2011-02-05T20:20:28","date_gmt":"2011-02-05T19:20:28","guid":{"rendered":"http:\/\/almenmedicin-nord.dk\/?page_id=118"},"modified":"2023-12-10T16:02:54","modified_gmt":"2023-12-10T15:02:54","slug":"kompetencevurderingsskema","status":"publish","type":"page","link":"http:\/\/almenmedicin-nord.dk\/?page_id=118","title":{"rendered":"Kompetencevurderingsmetoder"},"content":{"rendered":"<p>I forbindelse med m\u00e5lbeskrivelsen fra 2014, er det blevet obligatorisk at alle kompetencer godkendes ved hj\u00e6lp af visse redskaber (KV1-5).<br \/>\nDe ligger p\u00e5 <a href=\"https:\/\/www.dsam.dk\/uddannelse\/specialeuddannelsen-i-almen-medicin\/kompetencevurdering\" target=\"_blank\" rel=\"noopener noreferrer\">dsam&#8217;s<\/a> hjemmeside.<\/p>\n","protected":false},"excerpt":{"rendered":"<p>I forbindelse med m\u00e5lbeskrivelsen fra 2014, er det blevet obligatorisk at alle kompetencer godkendes ved hj\u00e6lp af visse redskaber (KV1-5). De ligger p\u00e5 dsam&#8217;s hjemmeside.<\/p>\n","protected":false},"author":1,"featured_media":0,"parent":3,"menu_order":3,"comment_status":"closed","ping_status":"closed","template":"","meta":{"_kadence_starter_templates_imported_post":false,"_kad_post_transparent":"","_kad_post_title":"","_kad_post_layout":"","_kad_post_sidebar_id":"","_kad_post_content_style":"","_kad_post_vertical_padding":"","_kad_post_feature":"","_kad_post_feature_position":"","_kad_post_header":false,"_kad_post_footer":false,"_kad_post_classname":"","footnotes":""},"class_list":["post-118","page","type-page","status-publish","hentry"],"_links":{"self":[{"href":"http:\/\/almenmedicin-nord.dk\/index.php?rest_route=\/wp\/v2\/pages\/118","targetHints":{"allow":["GET"]}}],"collection":[{"href":"http:\/\/almenmedicin-nord.dk\/index.php?rest_route=\/wp\/v2\/pages"}],"about":[{"href":"http:\/\/almenmedicin-nord.dk\/index.php?rest_route=\/wp\/v2\/types\/page"}],"author":[{"embeddable":true,"href":"http:\/\/almenmedicin-nord.dk\/index.php?rest_route=\/wp\/v2\/users\/1"}],"replies":[{"embeddable":true,"href":"http:\/\/almenmedicin-nord.dk\/index.php?rest_route=%2Fwp%2Fv2%2Fcomments&post=118"}],"version-history":[{"count":9,"href":"http:\/\/almenmedicin-nord.dk\/index.php?rest_route=\/wp\/v2\/pages\/118\/revisions"}],"predecessor-version":[{"id":1262,"href":"http:\/\/almenmedicin-nord.dk\/index.php?rest_route=\/wp\/v2\/pages\/118\/revisions\/1262"}],"up":[{"embeddable":true,"href":"http:\/\/almenmedicin-nord.dk\/index.php?rest_route=\/wp\/v2\/pages\/3"}],"wp:attachment":[{"href":"http:\/\/almenmedicin-nord.dk\/index.php?rest_route=%2Fwp%2Fv2%2Fmedia&parent=118"}],"curies":[{"name":"wp","href":"https:\/\/api.w.org\/{rel}","templated":true}]}}