{"id":100,"date":"2011-02-05T19:51:19","date_gmt":"2011-02-05T18:51:19","guid":{"rendered":"http:\/\/almenmedicin-nord.dk\/?page_id=100"},"modified":"2016-06-22T22:36:59","modified_gmt":"2016-06-22T21:36:59","slug":"speciall%c3%a6geautorisation","status":"publish","type":"page","link":"http:\/\/almenmedicin-nord.dk\/?page_id=100","title":{"rendered":"Speciall\u00e6geautorisation"},"content":{"rendered":"<p>N\u00e5r uddannelsen er (n\u00e6sten) gennemf\u00f8rt, kan man s\u00f8ge sin speciall\u00e6geautorisation. Det foreg\u00e5r hos sundhedsstyrelsen p\u00e5\u00a0<a href=\"http:\/\/stps.dk\/da\/sundhedsprofessionelle-og-myndigheder\/autorisation,-anerkendelser-og-selvstaendigt-virke\/soeg-anerkendelse-som-speciallaege-og-specialtandlaege\" target=\"_blank\">http:\/\/stps.dk\/da\/sundhedsprofessionelle-og-myndigheder\/autorisation,-anerkendelser-og-selvstaendigt-virke\/soeg-anerkendelse-som-speciallaege-og-specialtandlaege<\/a><\/p>\n<p>Det er meget vigtigt at al dokumentation er i orden. Husk derfor, hver gang du n\u00e6rmer dig afslutningen p\u00e5 en afdeling eller i en praksis, at:<\/p>\n<ul>\n<li>F\u00e5 godkendt de relevante kompetencer i din elektroniske logbog<\/li>\n<li>F\u00e5 udfyldt &#8220;Attestation for tidsm\u00e6ssigt gennemf\u00f8rt\u00a0uddannelseselement i den l\u00e6gelige videreuddannelse&#8221; i din logbog<\/li>\n<\/ul>\n<p>Husk desuden at f\u00e5 dokumentationen i orden n\u00e5r du har gennemf\u00f8rt SOL-kurser, forskningstr\u00e6ning mv.<\/p>\n<p>&nbsp;<\/p>\n","protected":false},"excerpt":{"rendered":"<p>N\u00e5r uddannelsen er (n\u00e6sten) gennemf\u00f8rt, kan man s\u00f8ge sin speciall\u00e6geautorisation. Det foreg\u00e5r hos sundhedsstyrelsen p\u00e5\u00a0http:\/\/stps.dk\/da\/sundhedsprofessionelle-og-myndigheder\/autorisation,-anerkendelser-og-selvstaendigt-virke\/soeg-anerkendelse-som-speciallaege-og-specialtandlaege Det er meget vigtigt at al dokumentation er i orden. Husk derfor, hver gang du n\u00e6rmer dig afslutningen p\u00e5 en afdeling eller i en praksis, at: F\u00e5 godkendt de relevante kompetencer i din elektroniske logbog F\u00e5 udfyldt &#8220;Attestation for tidsm\u00e6ssigt&#8230;<\/p>\n","protected":false},"author":1,"featured_media":0,"parent":5,"menu_order":10,"comment_status":"closed","ping_status":"closed","template":"","meta":{"_kadence_starter_templates_imported_post":false,"_kad_post_transparent":"","_kad_post_title":"","_kad_post_layout":"","_kad_post_sidebar_id":"","_kad_post_content_style":"","_kad_post_vertical_padding":"","_kad_post_feature":"","_kad_post_feature_position":"","_kad_post_header":false,"_kad_post_footer":false,"_kad_post_classname":"","footnotes":""},"class_list":["post-100","page","type-page","status-publish","hentry"],"_links":{"self":[{"href":"http:\/\/almenmedicin-nord.dk\/index.php?rest_route=\/wp\/v2\/pages\/100","targetHints":{"allow":["GET"]}}],"collection":[{"href":"http:\/\/almenmedicin-nord.dk\/index.php?rest_route=\/wp\/v2\/pages"}],"about":[{"href":"http:\/\/almenmedicin-nord.dk\/index.php?rest_route=\/wp\/v2\/types\/page"}],"author":[{"embeddable":true,"href":"http:\/\/almenmedicin-nord.dk\/index.php?rest_route=\/wp\/v2\/users\/1"}],"replies":[{"embeddable":true,"href":"http:\/\/almenmedicin-nord.dk\/index.php?rest_route=%2Fwp%2Fv2%2Fcomments&post=100"}],"version-history":[{"count":5,"href":"http:\/\/almenmedicin-nord.dk\/index.php?rest_route=\/wp\/v2\/pages\/100\/revisions"}],"predecessor-version":[{"id":667,"href":"http:\/\/almenmedicin-nord.dk\/index.php?rest_route=\/wp\/v2\/pages\/100\/revisions\/667"}],"up":[{"embeddable":true,"href":"http:\/\/almenmedicin-nord.dk\/index.php?rest_route=\/wp\/v2\/pages\/5"}],"wp:attachment":[{"href":"http:\/\/almenmedicin-nord.dk\/index.php?rest_route=%2Fwp%2Fv2%2Fmedia&parent=100"}],"curies":[{"name":"wp","href":"https:\/\/api.w.org\/{rel}","templated":true}]}}